{"id":393,"date":"2024-04-05T14:10:03","date_gmt":"2024-04-05T11:10:03","guid":{"rendered":"https:\/\/ekbweb.pl\/eksortus\/?page_id=393"},"modified":"2024-05-02T14:58:25","modified_gmt":"2024-05-02T11:58:25","slug":"about-us","status":"publish","type":"page","link":"http:\/\/eksortus.lt\/pl\/about-us\/","title":{"rendered":"O firmie"},"content":{"rendered":"<div data-elementor-type=\"wp-page\" data-elementor-id=\"393\" class=\"elementor elementor-393\" data-elementor-post-type=\"page\">\n\t\t\t\t<div class=\"elementor-element elementor-element-9a5272d e-flex e-con-boxed e-con e-parent\" data-id=\"9a5272d\" data-element_type=\"container\" data-settings=\"{&quot;background_background&quot;:&quot;classic&quot;}\">\n\t\t\t\t\t<div class=\"e-con-inner\">\n\t\t<div class=\"elementor-element elementor-element-80d7eb4 e-con-full e-flex e-con e-child\" data-id=\"80d7eb4\" data-element_type=\"container\">\n\t\t<div class=\"elementor-element elementor-element-09d1e62 e-con-full e-flex e-con e-child\" data-id=\"09d1e62\" data-element_type=\"container\">\n\t\t\t\t<div class=\"elementor-element elementor-element-a779ea5 elementor-widget elementor-widget-image\" data-id=\"a779ea5\" data-element_type=\"widget\" data-widget_type=\"image.default\">\n\t\t\t\t<div class=\"elementor-widget-container\">\n\t\t\t\t\t\t\t\t\t\t\t\t\t\t\t<img fetchpriority=\"high\" decoding=\"async\" width=\"800\" height=\"800\" src=\"https:\/\/eksortus.lt\/wp-content\/uploads\/2024\/04\/eks_vertical-shot-rising-smoke-making-air-polluted-hayricks-field-1-1024x1024.jpg\" class=\"attachment-large size-large wp-image-575\" alt=\"\" srcset=\"https:\/\/eksortus.lt\/wp-content\/uploads\/2024\/04\/eks_vertical-shot-rising-smoke-making-air-polluted-hayricks-field-1-1024x1024.jpg 1024w, https:\/\/eksortus.lt\/wp-content\/uploads\/2024\/04\/eks_vertical-shot-rising-smoke-making-air-polluted-hayricks-field-1-300x300.jpg 300w, https:\/\/eksortus.lt\/wp-content\/uploads\/2024\/04\/eks_vertical-shot-rising-smoke-making-air-polluted-hayricks-field-1-150x150.jpg 150w, https:\/\/eksortus.lt\/wp-content\/uploads\/2024\/04\/eks_vertical-shot-rising-smoke-making-air-polluted-hayricks-field-1-768x768.jpg 768w, https:\/\/eksortus.lt\/wp-content\/uploads\/2024\/04\/eks_vertical-shot-rising-smoke-making-air-polluted-hayricks-field-1-1536x1536.jpg 1536w, https:\/\/eksortus.lt\/wp-content\/uploads\/2024\/04\/eks_vertical-shot-rising-smoke-making-air-polluted-hayricks-field-1-2048x2048.jpg 2048w, https:\/\/eksortus.lt\/wp-content\/uploads\/2024\/04\/eks_vertical-shot-rising-smoke-making-air-polluted-hayricks-field-1-12x12.jpg 12w\" sizes=\"(max-width: 800px) 100vw, 800px\" \/>\t\t\t\t\t\t\t\t\t\t\t\t\t\t\t<\/div>\n\t\t\t\t<\/div>\n\t\t\t\t<div class=\"elementor-element elementor-element-ca7b36c elementor-widget elementor-widget-image\" data-id=\"ca7b36c\" data-element_type=\"widget\" data-widget_type=\"image.default\">\n\t\t\t\t<div class=\"elementor-widget-container\">\n\t\t\t\t\t\t\t\t\t\t\t\t\t\t\t<img decoding=\"async\" width=\"800\" height=\"800\" src=\"https:\/\/eksortus.lt\/wp-content\/uploads\/2024\/04\/environmental-pollution-industry-exterior-daylight-1024x1024.jpg\" class=\"attachment-large size-large wp-image-175\" alt=\"\" srcset=\"https:\/\/eksortus.lt\/wp-content\/uploads\/2024\/04\/environmental-pollution-industry-exterior-daylight-1024x1024.jpg 1024w, https:\/\/eksortus.lt\/wp-content\/uploads\/2024\/04\/environmental-pollution-industry-exterior-daylight-300x300.jpg 300w, https:\/\/eksortus.lt\/wp-content\/uploads\/2024\/04\/environmental-pollution-industry-exterior-daylight-150x150.jpg 150w, https:\/\/eksortus.lt\/wp-content\/uploads\/2024\/04\/environmental-pollution-industry-exterior-daylight-768x768.jpg 768w, https:\/\/eksortus.lt\/wp-content\/uploads\/2024\/04\/environmental-pollution-industry-exterior-daylight-1536x1536.jpg 1536w, https:\/\/eksortus.lt\/wp-content\/uploads\/2024\/04\/environmental-pollution-industry-exterior-daylight.jpg 2000w\" sizes=\"(max-width: 800px) 100vw, 800px\" \/>\t\t\t\t\t\t\t\t\t\t\t\t\t\t\t<\/div>\n\t\t\t\t<\/div>\n\t\t\t\t<\/div>\n\t\t<div class=\"elementor-element elementor-element-ff918b2 e-con-full e-flex e-con e-child\" data-id=\"ff918b2\" data-element_type=\"container\">\n\t\t\t\t<div class=\"elementor-element elementor-element-b495130 elementor-widget elementor-widget-image\" data-id=\"b495130\" data-element_type=\"widget\" data-widget_type=\"image.default\">\n\t\t\t\t<div class=\"elementor-widget-container\">\n\t\t\t\t\t\t\t\t\t\t\t\t\t\t\t<img decoding=\"async\" width=\"800\" height=\"800\" src=\"https:\/\/eksortus.lt\/wp-content\/uploads\/2024\/04\/pollution-industry-exterior-daylight-1024x1024.png\" class=\"attachment-large size-large wp-image-178\" alt=\"\" srcset=\"https:\/\/eksortus.lt\/wp-content\/uploads\/2024\/04\/pollution-industry-exterior-daylight-1024x1024.png 1024w, https:\/\/eksortus.lt\/wp-content\/uploads\/2024\/04\/pollution-industry-exterior-daylight-300x300.png 300w, https:\/\/eksortus.lt\/wp-content\/uploads\/2024\/04\/pollution-industry-exterior-daylight-150x150.png 150w, https:\/\/eksortus.lt\/wp-content\/uploads\/2024\/04\/pollution-industry-exterior-daylight-768x768.png 768w, https:\/\/eksortus.lt\/wp-content\/uploads\/2024\/04\/pollution-industry-exterior-daylight-1536x1536.png 1536w, https:\/\/eksortus.lt\/wp-content\/uploads\/2024\/04\/pollution-industry-exterior-daylight.png 2000w\" sizes=\"(max-width: 800px) 100vw, 800px\" \/>\t\t\t\t\t\t\t\t\t\t\t\t\t\t\t<\/div>\n\t\t\t\t<\/div>\n\t\t\t\t<div class=\"elementor-element elementor-element-389128e elementor-widget elementor-widget-image\" data-id=\"389128e\" data-element_type=\"widget\" data-widget_type=\"image.default\">\n\t\t\t\t<div class=\"elementor-widget-container\">\n\t\t\t\t\t\t\t\t\t\t\t\t\t\t\t<img loading=\"lazy\" decoding=\"async\" width=\"800\" height=\"800\" src=\"https:\/\/eksortus.lt\/wp-content\/uploads\/2024\/04\/eks_interior-view-steel-factory-1-1-1024x1024.jpg\" class=\"attachment-large size-large wp-image-535\" alt=\"\" srcset=\"https:\/\/eksortus.lt\/wp-content\/uploads\/2024\/04\/eks_interior-view-steel-factory-1-1-1024x1024.jpg 1024w, https:\/\/eksortus.lt\/wp-content\/uploads\/2024\/04\/eks_interior-view-steel-factory-1-1-300x300.jpg 300w, https:\/\/eksortus.lt\/wp-content\/uploads\/2024\/04\/eks_interior-view-steel-factory-1-1-150x150.jpg 150w, https:\/\/eksortus.lt\/wp-content\/uploads\/2024\/04\/eks_interior-view-steel-factory-1-1-768x768.jpg 768w, https:\/\/eksortus.lt\/wp-content\/uploads\/2024\/04\/eks_interior-view-steel-factory-1-1-1536x1536.jpg 1536w, https:\/\/eksortus.lt\/wp-content\/uploads\/2024\/04\/eks_interior-view-steel-factory-1-1-2048x2048.jpg 2048w, https:\/\/eksortus.lt\/wp-content\/uploads\/2024\/04\/eks_interior-view-steel-factory-1-1-12x12.jpg 12w\" sizes=\"(max-width: 800px) 100vw, 800px\" \/>\t\t\t\t\t\t\t\t\t\t\t\t\t\t\t<\/div>\n\t\t\t\t<\/div>\n\t\t\t\t<\/div>\n\t\t\t\t<\/div>\n\t\t<div class=\"elementor-element elementor-element-6aeec3c e-con-full e-flex e-con e-child\" data-id=\"6aeec3c\" data-element_type=\"container\">\n\t\t\t\t<div class=\"elementor-element elementor-element-3825b2d elementor-widget elementor-widget-heading\" data-id=\"3825b2d\" data-element_type=\"widget\" data-widget_type=\"heading.default\">\n\t\t\t\t<div class=\"elementor-widget-container\">\n\t\t\t\t\t<h3 class=\"elementor-heading-title elementor-size-default\">O firmie<\/h3>\t\t\t\t<\/div>\n\t\t\t\t<\/div>\n\t\t\t\t<div class=\"elementor-element elementor-element-61febc6 elementor-widget elementor-widget-text-editor\" data-id=\"61febc6\" data-element_type=\"widget\" data-widget_type=\"text-editor.default\">\n\t\t\t\t<div class=\"elementor-widget-container\">\n\t\t\t\t\t\t\t\t\t<p>UAB EKSORTUS to profesjonalna, niezawodna i ambitna firma z dobrze rozwini\u0119t\u0105 infrastruktur\u0105, wykwalifikowanym personelem i do\u015bwiadczonymi partnerami. Niezawodno\u015b\u0107 i stabilno\u015b\u0107 naszej firmy potwierdzaj\u0105 stale rosn\u0105ce obroty oraz liczba klient\u00f3w.\u00a0<\/p>\t\t\t\t\t\t\t\t<\/div>\n\t\t\t\t<\/div>\n\t\t\t\t<\/div>\n\t\t\t\t\t<\/div>\n\t\t\t\t<\/div>\n\t\t<div class=\"elementor-element elementor-element-713e4c4 e-flex e-con-boxed e-con e-parent\" data-id=\"713e4c4\" data-element_type=\"container\">\n\t\t\t\t\t<div class=\"e-con-inner\">\n\t\t\t\t<div class=\"elementor-element elementor-element-9d21b73 elementor-widget elementor-widget-text-editor\" data-id=\"9d21b73\" data-element_type=\"widget\" data-widget_type=\"text-editor.default\">\n\t\t\t\t<div class=\"elementor-widget-container\">\n\t\t\t\t\t\t\t\t\t<p>G\u0142\u00f3wne obszary dzia\u0142alno\u015bci UAB EKSORTUS:<\/p>\t\t\t\t\t\t\t\t<\/div>\n\t\t\t\t<\/div>\n\t\t\t\t\t<\/div>\n\t\t\t\t<\/div>\n\t\t<div class=\"elementor-element elementor-element-782b4fa e-flex e-con-boxed e-con e-parent\" data-id=\"782b4fa\" data-element_type=\"container\">\n\t\t\t\t\t<div class=\"e-con-inner\">\n\t\t\t\t<div class=\"elementor-element elementor-element-1cd1db0 elementor-icon-list--layout-traditional elementor-list-item-link-full_width elementor-widget elementor-widget-icon-list\" data-id=\"1cd1db0\" data-element_type=\"widget\" data-widget_type=\"icon-list.default\">\n\t\t\t\t<div class=\"elementor-widget-container\">\n\t\t\t\t\t\t\t<ul class=\"elementor-icon-list-items\">\n\t\t\t\t\t\t\t<li class=\"elementor-icon-list-item\">\n\t\t\t\t\t\t\t\t\t\t\t<span class=\"elementor-icon-list-icon\">\n\t\t\t\t\t\t\t<svg aria-hidden=\"true\" class=\"e-font-icon-svg e-fas-circle\" viewbox=\"0 0 512 512\" xmlns=\"http:\/\/www.w3.org\/2000\/svg\"><path d=\"M256 8C119 8 8 119 8 256s111 248 248 248 248-111 248-248S393 8 256 8z\"><\/path><\/svg>\t\t\t\t\t\t<\/span>\n\t\t\t\t\t\t\t\t\t\t<span class=\"elementor-icon-list-text\">Przemys\u0142 energetyczny<\/span>\n\t\t\t\t\t\t\t\t\t<\/li>\n\t\t\t\t\t\t<\/ul>\n\t\t\t\t\t\t<\/div>\n\t\t\t\t<\/div>\n\t\t\t\t<div class=\"elementor-element elementor-element-b4d1d4e elementor-icon-list--layout-traditional elementor-list-item-link-full_width elementor-widget elementor-widget-icon-list\" data-id=\"b4d1d4e\" data-element_type=\"widget\" data-widget_type=\"icon-list.default\">\n\t\t\t\t<div class=\"elementor-widget-container\">\n\t\t\t\t\t\t\t<ul class=\"elementor-icon-list-items\">\n\t\t\t\t\t\t\t<li class=\"elementor-icon-list-item\">\n\t\t\t\t\t\t\t\t\t\t<span class=\"elementor-icon-list-text\">- Energetyka j\u0105drowa<\/span>\n\t\t\t\t\t\t\t\t\t<\/li>\n\t\t\t\t\t\t\t\t<li class=\"elementor-icon-list-item\">\n\t\t\t\t\t\t\t\t\t\t<span class=\"elementor-icon-list-text\">- Energetyka wodna<\/span>\n\t\t\t\t\t\t\t\t\t<\/li>\n\t\t\t\t\t\t\t\t<li class=\"elementor-icon-list-item\">\n\t\t\t\t\t\t\t\t\t\t<span class=\"elementor-icon-list-text\">- Energetyka cieplna<\/span>\n\t\t\t\t\t\t\t\t\t<\/li>\n\t\t\t\t\t\t\t\t<li class=\"elementor-icon-list-item\">\n\t\t\t\t\t\t\t\t\t\t<span class=\"elementor-icon-list-text\">- Zielona energia<\/span>\n\t\t\t\t\t\t\t\t\t<\/li>\n\t\t\t\t\t\t<\/ul>\n\t\t\t\t\t\t<\/div>\n\t\t\t\t<\/div>\n\t\t\t\t<div class=\"elementor-element elementor-element-611e789 elementor-icon-list--layout-traditional elementor-list-item-link-full_width elementor-widget elementor-widget-icon-list\" data-id=\"611e789\" data-element_type=\"widget\" data-widget_type=\"icon-list.default\">\n\t\t\t\t<div class=\"elementor-widget-container\">\n\t\t\t\t\t\t\t<ul class=\"elementor-icon-list-items\">\n\t\t\t\t\t\t\t<li class=\"elementor-icon-list-item\">\n\t\t\t\t\t\t\t\t\t\t\t<span class=\"elementor-icon-list-icon\">\n\t\t\t\t\t\t\t<svg aria-hidden=\"true\" class=\"e-font-icon-svg e-fas-circle\" viewbox=\"0 0 512 512\" xmlns=\"http:\/\/www.w3.org\/2000\/svg\"><path d=\"M256 8C119 8 8 119 8 256s111 248 248 248 248-111 248-248S393 8 256 8z\"><\/path><\/svg>\t\t\t\t\t\t<\/span>\n\t\t\t\t\t\t\t\t\t\t<span class=\"elementor-icon-list-text\">Projektowanie<\/span>\n\t\t\t\t\t\t\t\t\t<\/li>\n\t\t\t\t\t\t<\/ul>\n\t\t\t\t\t\t<\/div>\n\t\t\t\t<\/div>\n\t\t\t\t<div class=\"elementor-element elementor-element-d9182ea elementor-icon-list--layout-traditional elementor-list-item-link-full_width elementor-widget elementor-widget-icon-list\" data-id=\"d9182ea\" data-element_type=\"widget\" data-widget_type=\"icon-list.default\">\n\t\t\t\t<div class=\"elementor-widget-container\">\n\t\t\t\t\t\t\t<ul class=\"elementor-icon-list-items\">\n\t\t\t\t\t\t\t<li class=\"elementor-icon-list-item\">\n\t\t\t\t\t\t\t\t\t\t<span class=\"elementor-icon-list-text\">- In\u017cynieria przemys\u0142owa<\/span>\n\t\t\t\t\t\t\t\t\t<\/li>\n\t\t\t\t\t\t\t\t<li class=\"elementor-icon-list-item\">\n\t\t\t\t\t\t\t\t\t\t<span class=\"elementor-icon-list-text\">- Nadz\u00f3r techniczny<\/span>\n\t\t\t\t\t\t\t\t\t<\/li>\n\t\t\t\t\t\t\t\t<li class=\"elementor-icon-list-item\">\n\t\t\t\t\t\t\t\t\t\t<span class=\"elementor-icon-list-text\">- Nadz\u00f3r autorski<\/span>\n\t\t\t\t\t\t\t\t\t<\/li>\n\t\t\t\t\t\t<\/ul>\n\t\t\t\t\t\t<\/div>\n\t\t\t\t<\/div>\n\t\t\t\t<div class=\"elementor-element elementor-element-f138d17 elementor-icon-list--layout-traditional elementor-list-item-link-full_width elementor-widget elementor-widget-icon-list\" data-id=\"f138d17\" data-element_type=\"widget\" data-widget_type=\"icon-list.default\">\n\t\t\t\t<div class=\"elementor-widget-container\">\n\t\t\t\t\t\t\t<ul class=\"elementor-icon-list-items\">\n\t\t\t\t\t\t\t<li class=\"elementor-icon-list-item\">\n\t\t\t\t\t\t\t\t\t\t\t<span class=\"elementor-icon-list-icon\">\n\t\t\t\t\t\t\t<svg aria-hidden=\"true\" class=\"e-font-icon-svg e-fas-circle\" viewbox=\"0 0 512 512\" xmlns=\"http:\/\/www.w3.org\/2000\/svg\"><path d=\"M256 8C119 8 8 119 8 256s111 248 248 248 248-111 248-248S393 8 256 8z\"><\/path><\/svg>\t\t\t\t\t\t<\/span>\n\t\t\t\t\t\t\t\t\t\t<span class=\"elementor-icon-list-text\"> Dostawa materia\u0142\u00f3w i sprz\u0119tu<\/span>\n\t\t\t\t\t\t\t\t\t<\/li>\n\t\t\t\t\t\t<\/ul>\n\t\t\t\t\t\t<\/div>\n\t\t\t\t<\/div>\n\t\t\t\t<div class=\"elementor-element elementor-element-d2f8707 elementor-icon-list--layout-traditional elementor-list-item-link-full_width elementor-widget elementor-widget-icon-list\" data-id=\"d2f8707\" data-element_type=\"widget\" data-widget_type=\"icon-list.default\">\n\t\t\t\t<div class=\"elementor-widget-container\">\n\t\t\t\t\t\t\t<ul class=\"elementor-icon-list-items\">\n\t\t\t\t\t\t\t<li class=\"elementor-icon-list-item\">\n\t\t\t\t\t\t\t\t\t\t\t<span class=\"elementor-icon-list-icon\">\n\t\t\t\t\t\t\t<svg aria-hidden=\"true\" class=\"e-font-icon-svg e-fas-circle\" viewbox=\"0 0 512 512\" xmlns=\"http:\/\/www.w3.org\/2000\/svg\"><path d=\"M256 8C119 8 8 119 8 256s111 248 248 248 248-111 248-248S393 8 256 8z\"><\/path><\/svg>\t\t\t\t\t\t<\/span>\n\t\t\t\t\t\t\t\t\t\t<span class=\"elementor-icon-list-text\">\u015awiadczenie us\u0142ug doradczych<\/span>\n\t\t\t\t\t\t\t\t\t<\/li>\n\t\t\t\t\t\t<\/ul>\n\t\t\t\t\t\t<\/div>\n\t\t\t\t<\/div>\n\t\t\t\t\t<\/div>\n\t\t\t\t<\/div>\n\t\t<div class=\"elementor-element elementor-element-0f98fe2 e-flex e-con-boxed e-con e-parent\" data-id=\"0f98fe2\" data-element_type=\"container\">\n\t\t\t\t\t<div class=\"e-con-inner\">\n\t\t<div class=\"elementor-element elementor-element-7b140ec e-con-full e-flex e-con e-child\" data-id=\"7b140ec\" data-element_type=\"container\">\n\t\t\t\t<div class=\"elementor-element elementor-element-0e6e923 elementor-widget elementor-widget-text-editor\" data-id=\"0e6e923\" data-element_type=\"widget\" data-widget_type=\"text-editor.default\">\n\t\t\t\t<div class=\"elementor-widget-container\">\n\t\t\t\t\t\t\t\t\t<p>G\u0142\u00f3wnym celem UAB EKSORTUS jest oferowanie wysokiej jako\u015bci produkcji, kt\u00f3re spe\u0142niaj\u0105 wymagania naszych klient\u00f3w, na najkorzystniejszych warunkach.<\/p>\t\t\t\t\t\t\t\t<\/div>\n\t\t\t\t<\/div>\n\t\t\t\t<div class=\"elementor-element elementor-element-16d0018 elementor-widget elementor-widget-text-editor\" data-id=\"16d0018\" data-element_type=\"widget\" data-widget_type=\"text-editor.default\">\n\t\t\t\t<div class=\"elementor-widget-container\">\n\t\t\t\t\t\t\t\t\t<p>Wielokrotne certyfikacje systemu zarz\u0105dzania jako\u015bci\u0105 firmy potwierdzaj\u0105 obecno\u015b\u0107 skutecznego zarz\u0105dzania, zdolnego do zapewnienia wysokiej i stabilnej jako\u015bci dostarczanych produkt\u00f3w i us\u0142ug.<\/p>\t\t\t\t\t\t\t\t<\/div>\n\t\t\t\t<\/div>\n\t\t\t\t<\/div>\n\t\t<div class=\"elementor-element elementor-element-88cfbbf e-con-full e-flex e-con e-child\" data-id=\"88cfbbf\" data-element_type=\"container\">\n\t\t\t\t<div class=\"elementor-element elementor-element-62c80be elementor-widget elementor-widget-image\" data-id=\"62c80be\" data-element_type=\"widget\" data-widget_type=\"image.default\">\n\t\t\t\t<div class=\"elementor-widget-container\">\n\t\t\t\t\t\t\t\t\t\t\t\t\t\t\t<img loading=\"lazy\" decoding=\"async\" width=\"800\" height=\"800\" src=\"https:\/\/eksortus.lt\/wp-content\/uploads\/2024\/04\/environmental-pollution-factory-exterior-night-1024x1024.jpg\" class=\"attachment-large size-large wp-image-174\" alt=\"\" srcset=\"https:\/\/eksortus.lt\/wp-content\/uploads\/2024\/04\/environmental-pollution-factory-exterior-night-1024x1024.jpg 1024w, https:\/\/eksortus.lt\/wp-content\/uploads\/2024\/04\/environmental-pollution-factory-exterior-night-300x300.jpg 300w, https:\/\/eksortus.lt\/wp-content\/uploads\/2024\/04\/environmental-pollution-factory-exterior-night-150x150.jpg 150w, https:\/\/eksortus.lt\/wp-content\/uploads\/2024\/04\/environmental-pollution-factory-exterior-night-768x768.jpg 768w, https:\/\/eksortus.lt\/wp-content\/uploads\/2024\/04\/environmental-pollution-factory-exterior-night-1536x1536.jpg 1536w, https:\/\/eksortus.lt\/wp-content\/uploads\/2024\/04\/environmental-pollution-factory-exterior-night.jpg 2000w\" sizes=\"(max-width: 800px) 100vw, 800px\" \/>\t\t\t\t\t\t\t\t\t\t\t\t\t\t\t<\/div>\n\t\t\t\t<\/div>\n\t\t\t\t<\/div>\n\t\t\t\t\t<\/div>\n\t\t\t\t<\/div>\n\t\t\t\t<\/div>","protected":false},"excerpt":{"rendered":"<p>\u041e \u043a\u043e\u043c\u043f\u0430\u043d\u0438\u0438 \u0417\u0410\u041e \u00abEKSORTUS\u00bb \u2013\u00a0 \u044d\u0442\u043e \u043f\u0440\u043e\u0444\u0435\u0441\u0441\u0438\u043e\u043d\u0430\u043b\u044c\u043d\u0430\u044f, \u043d\u0430\u0434\u0435\u0436\u043d\u0430\u044f \u0438 \u0430\u043c\u0431\u0438\u0446\u0438\u043e\u0437\u043d\u0430\u044f \u043a\u043e\u043c\u043f\u0430\u043d\u0438\u044f \u0441 \u0445\u043e\u0440\u043e\u0448\u043e \u0440\u0430\u0437\u0432\u0438\u0442\u043e\u0439 \u0438\u043d\u0444\u0440\u0430\u0441\u0442\u0440\u0443\u043a\u0442\u0443\u0440\u043e\u0439, \u043a\u0432\u0430\u043b\u0438\u0444\u0438\u0446\u0438\u0440\u043e\u0432\u0430\u043d\u043d\u044b\u043c \u043f\u0435\u0440\u0441\u043e\u043d\u0430\u043b\u043e\u043c \u0438 \u043e\u043f\u044b\u0442\u043d\u044b\u043c\u0438 \u043f\u0430\u0440\u0442\u043d\u0435\u0440\u0430\u043c\u0438. \u041d\u0430\u0434\u0435\u0436\u043d\u043e\u0441\u0442\u044c \u0438 \u0441\u0442\u0430\u0431\u0438\u043b\u044c\u043d\u043e\u0441\u0442\u044c \u043d\u0430\u0448\u0435\u0439 \u043a\u043e\u043c\u043f\u0430\u043d\u0438\u0438 \u043f\u043e\u0434\u0442\u0432\u0435\u0440\u0436\u0434\u0430\u0435\u0442\u0441\u044f \u043f\u043e\u0441\u0442\u043e\u044f\u043d\u043d\u043e \u0440\u0430\u0441\u0442\u0443\u0449\u0438\u043c \u043e\u0431\u043e\u0440\u043e\u0442\u043e\u043c \u0438 \u043a\u043e\u043b\u0438\u0447\u0435\u0441\u0442\u0432\u043e\u043c \u043a\u043b\u0438\u0435\u043d\u0442\u043e\u0432. \u041e\u0441\u043d\u043e\u0432\u043d\u044b\u0435 \u0441\u0444\u0435\u0440\u044b \u0434\u0435\u044f\u0442\u0435\u043b\u044c\u043d\u043e\u0441\u0442\u0438 \u0417\u0410\u041e \u00abEKSORTUS\u00bb: &nbsp; \u042d\u043d\u0435\u0440\u0433\u0435\u0442\u0438\u043a\u0430 &#8212; \u0410\u0442\u043e\u043c\u043d\u0430\u044f \u044d\u043d\u0435\u0440\u0433\u0435\u0442\u0438\u043a\u0430 &#8212; \u0413\u0438\u0434\u0440\u043e\u044d\u043d\u0435\u0440\u0433\u0435\u0442\u0438\u043a\u0430 &#8212; \u0422\u0435\u043f\u043b\u043e\u044d\u043d\u0435\u0440\u0433\u0435\u0442\u0438\u043a\u0430 &#8212; \u0417\u0435\u043b\u0435\u043d\u0430\u044f \u044d\u043d\u0435\u0440\u0433\u0435\u0442\u0438\u043a\u0430 \u041f\u0440\u043e\u0435\u043a\u0442\u0438\u0440\u043e\u0432\u0430\u043d\u0438\u0435 &#8212; \u041f\u0440\u043e\u043c\u044b\u0448\u043b\u0435\u043d\u043d\u043e\u0435 \u043f\u0440\u043e\u0435\u043a\u0442\u0438\u0440\u043e\u0432\u0430\u043d\u0438\u0435 &#8212; \u0422\u0435\u0445\u043d\u0438\u0447\u0435\u0441\u043a\u0438\u0439 [&hellip;]<\/p>","protected":false},"author":1,"featured_media":0,"parent":0,"menu_order":0,"comment_status":"closed","ping_status":"closed","template":"","meta":{"footnotes":""},"class_list":["post-393","page","type-page","status-publish","hentry"],"_links":{"self":[{"href":"http:\/\/eksortus.lt\/pl\/wp-json\/wp\/v2\/pages\/393","targetHints":{"allow":["GET"]}}],"collection":[{"href":"http:\/\/eksortus.lt\/pl\/wp-json\/wp\/v2\/pages"}],"about":[{"href":"http:\/\/eksortus.lt\/pl\/wp-json\/wp\/v2\/types\/page"}],"author":[{"embeddable":true,"href":"http:\/\/eksortus.lt\/pl\/wp-json\/wp\/v2\/users\/1"}],"replies":[{"embeddable":true,"href":"http:\/\/eksortus.lt\/pl\/wp-json\/wp\/v2\/comments?post=393"}],"version-history":[{"count":70,"href":"http:\/\/eksortus.lt\/pl\/wp-json\/wp\/v2\/pages\/393\/revisions"}],"predecessor-version":[{"id":653,"href":"http:\/\/eksortus.lt\/pl\/wp-json\/wp\/v2\/pages\/393\/revisions\/653"}],"wp:attachment":[{"href":"http:\/\/eksortus.lt\/pl\/wp-json\/wp\/v2\/media?parent=393"}],"curies":[{"name":"wp","href":"https:\/\/api.w.org\/{rel}","templated":true}]}}